{"id":17405,"date":"2021-02-01T11:29:09","date_gmt":"2021-02-01T10:29:09","guid":{"rendered":"https:\/\/falco-compendium.at\/music\/sampling-songs\/new-york-city-girls\/"},"modified":"2023-10-05T12:49:17","modified_gmt":"2023-10-05T10:49:17","slug":"new-york-city-girls","status":"publish","type":"page","link":"https:\/\/falco-compendium.at\/en\/music\/sampling-songs\/new-york-city-girls\/","title":{"rendered":"New York City Girls"},"content":{"rendered":"<p><div class=\"fusion-fullwidth fullwidth-box fusion-builder-row-1 fusion-flex-container nonhundred-percent-fullwidth non-hundred-percent-height-scrolling\" style=\"--awb-border-radius-top-left:0px;--awb-border-radius-top-right:0px;--awb-border-radius-bottom-right:0px;--awb-border-radius-bottom-left:0px;--awb-flex-wrap:wrap;\" ><div class=\"fusion-builder-row fusion-row fusion-flex-align-items-flex-start fusion-flex-content-wrap\" style=\"max-width:1144px;margin-left: calc(-4% \/ 2 );margin-right: calc(-4% \/ 2 );\"><div class=\"fusion-layout-column fusion_builder_column fusion-builder-column-0 fusion_builder_column_1_3 1_3 fusion-flex-column\" style=\"--awb-bg-size:cover;--awb-width-large:33.333333333333%;--awb-margin-top-large:0px;--awb-spacing-right-large:5.76%;--awb-margin-bottom-large:20px;--awb-spacing-left-large:5.76%;--awb-width-medium:100%;--awb-spacing-right-medium:1.92%;--awb-spacing-left-medium:1.92%;--awb-width-small:100%;--awb-spacing-right-small:1.92%;--awb-spacing-left-small:1.92%;\"><div class=\"fusion-column-wrapper fusion-flex-justify-content-flex-start fusion-content-layout-column\"><\/div><\/div><div class=\"fusion-layout-column fusion_builder_column fusion-builder-column-1 fusion_builder_column_2_3 2_3 fusion-flex-column\" style=\"--awb-bg-size:cover;--awb-width-large:66.666666666667%;--awb-margin-top-large:0px;--awb-spacing-right-large:2.88%;--awb-margin-bottom-large:20px;--awb-spacing-left-large:2.88%;--awb-width-medium:100%;--awb-spacing-right-medium:1.92%;--awb-spacing-left-medium:1.92%;--awb-width-small:100%;--awb-spacing-right-small:1.92%;--awb-spacing-left-small:1.92%;\"><div class=\"fusion-column-wrapper fusion-flex-justify-content-flex-start fusion-content-layout-column\"><div class=\"fusion-title title fusion-title-1 fusion-title-text fusion-title-size-three\" style=\"--awb-margin-bottom:0px;--awb-margin-top-small:0px;--awb-margin-right-small:0px;--awb-margin-bottom-small:20px;--awb-margin-left-small:0px;\"><div class=\"title-sep-container title-sep-container-left fusion-no-large-visibility fusion-no-medium-visibility fusion-no-small-visibility\"><div class=\"title-sep sep- sep-solid\" style=\"border-color:#e0dede;\"><\/div><\/div><span class=\"awb-title-spacer fusion-no-large-visibility fusion-no-medium-visibility fusion-no-small-visibility\"><\/span><h3 class=\"fusion-title-heading title-heading-left fusion-responsive-typography-calculated\" style=\"margin:0;--fontSize:18;--minFontSize:18;line-height:1.41;\">Song<\/h3><span class=\"awb-title-spacer\"><\/span><div class=\"title-sep-container title-sep-container-right\"><div class=\"title-sep sep- sep-solid\" style=\"border-color:#e0dede;\"><\/div><\/div><\/div><div class=\"fusion-title title fusion-title-2 fusion-title-text fusion-title-size-two\" style=\"--awb-margin-bottom:0px;--awb-margin-top-small:0px;--awb-margin-right-small:0px;--awb-margin-bottom-small:20px;--awb-margin-left-small:0px;\"><div class=\"title-sep-container title-sep-container-left fusion-no-large-visibility fusion-no-medium-visibility fusion-no-small-visibility\"><div class=\"title-sep sep- sep-solid\" style=\"border-color:#e0dede;\"><\/div><\/div><span class=\"awb-title-spacer fusion-no-large-visibility fusion-no-medium-visibility fusion-no-small-visibility\"><\/span><h2 class=\"fusion-title-heading title-heading-left fusion-responsive-typography-calculated\" style=\"margin:0;--fontSize:26;line-height:1.5;\"><p>New York City Girls<br \/>\n<a href=\"https:\/\/www.youtube.com\/results?search_query=falco+new+york+city+girls\" target=\"_blank\" rel=\"noopener noreferrer\"><img decoding=\"async\" class=\"alignnone wp-image-12447 \" src=\"https:\/\/falco-compendium.at\/wp-content\/uploads\/2019\/03\/yt-song.png\" alt=\"\" width=\"31\" height=\"32\"><\/a><\/p><\/h2><span class=\"awb-title-spacer\"><\/span><div class=\"title-sep-container title-sep-container-right\"><div class=\"title-sep sep- sep-solid\" style=\"border-color:#e0dede;\"><\/div><\/div><\/div><div class=\"fusion-separator fusion-full-width-sep\" style=\"align-self: center;margin-left: auto;margin-right: auto;margin-top:25px;margin-bottom:25px;width:100%;\"><div class=\"fusion-separator-border sep-single sep-solid\" style=\"--awb-height:20px;--awb-amount:20px;border-color:#e0dede;border-top-width:1px;\"><\/div><\/div><div class=\"fusion-text fusion-text-1\"><h3>Running time<\/h3>\n<p>4:29 Minutes<\/p>\n<h3>Time of origin and release<\/h3>\n<p>1999 (officially unreleased)<\/p>\n<h3>Music, lyrics and production<\/h3>\n<p>Music: Rob &amp; Ferdi Bolland<br \/>\nLyrics: Falco, Rob &amp; Ferdi Bolland<br \/>\nProducer: Rob &amp; Ferdi Bolland<\/p>\n<h3>About the song<\/h3>\n<p>After Falco&#8217;s death, the Bollands, his former producers, made several sampling songs, tracks in which Falco&#8217;s voice from interviews or previously published songs was mixed into newly composed music. These incluce <a href=\"https:\/\/falco-compendium.at\/musik\/sample-songs\/tribute-to-falco\/\">Tribute To Falco<\/a> (1998) as well as the three songs (<a href=\"https:\/\/falco-compendium.at\/musik\/verdammt-wir-leben-noch\/fascinating-man\/\">Fascinating Man<\/a>, <a href=\"https:\/\/falco-compendium.at\/musik\/verdammt-wir-leben-noch\/we-live-for-the-night\/\">We Live For The Night<\/a>, <a href=\"https:\/\/falco-compendium.at\/musik\/verdammt-wir-leben-noch\/from-the-north-to-the-south\/\">From The North To The South<\/a>) from the compiled album <a href=\"https:\/\/falco-compendium.at\/musik\/verdammt-wir-leben-noch\/\">Verdammt Wir Leben Noch<\/a> (1999).<\/p>\n<p>In addition, six other such sampling songs, which are known as &#34;Bolland Tapes&#34; exist: <a href=\"https:\/\/falco-compendium.at\/musik\/sample-songs\/angst\/\">Angst<\/a>, <a href=\"https:\/\/falco-compendium.at\/musik\/sample-songs\/changes\/\">Change<\/a>, <a href=\"https:\/\/falco-compendium.at\/musik\/sample-songs\/extravaganza\/\">Extravaganza<\/a>, <a href=\"https:\/\/falco-compendium.at\/musik\/sample-songs\/just-an-illusion\/\">Just An Illusion<\/a> and<a href=\"https:\/\/falco-compendium.at\/en\/music\/sampling-songs\/where-are-you-now\/\">Where Are You Now?<\/a> . This song was not officially released, only <a href=\"https:\/\/falco-compendium.at\/en\/music\/sampling-songs\/where-are-you-now\/\">Where Are You Now?<\/a> was a semi-official release and could be downloaded free of charge as an mp3 file for a short time.<\/p>\n<p>A Caribbean-like beat drives this sampling song. A doubled female voice is also added to Falco&#8217;s samples, which is intended to suggest a dialogue. A guitar is added in the chorus. In the middle part the drums and the instrumentation change, then the chorus is repeated until the end of the track.<\/p>\n<p>Falco&#8217;s words and sentences, which the Bollands mixed to this newly created song, come from the concert that Falco gave in 1986 as part of the <a href=\"https:\/\/falco-compendium.at\/musik\/emotional\/\">Emotional<\/a>-Tour in the Eissporthalle in Berlin (a concert that was released 1999 under the name of <a href=\"https:\/\/falco-compendium.at\/musik\/live-forever\/\">Live Forever<\/a> in excerpts and in 2023 in its entirety). The master tapes of this performance were owned by the Bollands because they had recorded and produced this gig on site at the time. For the sampling song, they used text passages from <a href=\"https:\/\/falco-compendium.at\/musik\/einzelhaft\/der-kommissar\/\">Der Kommissar<\/a> as well as announcements that Falco had made between the numbers (\u201eIch verstehe, dass ihr heute nicht nach Hause gehen werdet\u201c). Announcements from Falco during the performance of his live band were also included: \u201eWe\u2019re talking about girls, right?\u201c, \u201eThe girls are in love with each other\u201c. The Bollands use Falco&#8217;s remark that one of his background singers comes from New York as the title and mix the words &#34;New York&#34; and &#34;girls&#34; together.<\/p>\n<p>Here too, of course, this makes no sense, nor does the text have any significance or charm.<\/p>\n<p>Like the other sampling songs produced by the Bollands, only Falco completionists will probably be interested in this piece.<\/p>\n<\/div><\/div><\/div><\/div><\/div><div id=\"lyrics\" class=\"fusion-container-anchor\"><div class=\"fusion-fullwidth fullwidth-box fusion-builder-row-2 fusion-flex-container nonhundred-percent-fullwidth non-hundred-percent-height-scrolling\" style=\"--awb-border-radius-top-left:0px;--awb-border-radius-top-right:0px;--awb-border-radius-bottom-right:0px;--awb-border-radius-bottom-left:0px;--awb-flex-wrap:wrap;\" ><div class=\"fusion-builder-row fusion-row fusion-flex-align-items-flex-start fusion-flex-content-wrap\" style=\"max-width:1144px;margin-left: calc(-4% \/ 2 );margin-right: calc(-4% \/ 2 );\"><div class=\"fusion-layout-column fusion_builder_column fusion-builder-column-2 fusion_builder_column_1_3 1_3 fusion-flex-column\" style=\"--awb-bg-size:cover;--awb-width-large:33.333333333333%;--awb-margin-top-large:0px;--awb-spacing-right-large:5.76%;--awb-margin-bottom-large:20px;--awb-spacing-left-large:5.76%;--awb-width-medium:100%;--awb-spacing-right-medium:1.92%;--awb-spacing-left-medium:1.92%;--awb-width-small:100%;--awb-spacing-right-small:1.92%;--awb-spacing-left-small:1.92%;\"><div class=\"fusion-column-wrapper fusion-flex-justify-content-flex-start fusion-content-layout-column\"><\/div><\/div><div class=\"fusion-layout-column fusion_builder_column fusion-builder-column-3 fusion_builder_column_2_3 2_3 fusion-flex-column\" style=\"--awb-bg-size:cover;--awb-width-large:66.666666666667%;--awb-margin-top-large:0px;--awb-spacing-right-large:2.88%;--awb-margin-bottom-large:20px;--awb-spacing-left-large:2.88%;--awb-width-medium:100%;--awb-spacing-right-medium:1.92%;--awb-spacing-left-medium:1.92%;--awb-width-small:100%;--awb-spacing-right-small:1.92%;--awb-spacing-left-small:1.92%;\"><div class=\"fusion-column-wrapper fusion-flex-justify-content-flex-start fusion-content-layout-column\"><div class=\"fusion-text fusion-text-2\"><h3>Lyrics<\/h3>\n<p>Hey man, you man!<br \/>\nHey man, wanna buy some stoff, man?<\/p>\n<p>(Hi stranger, hello, hello)<br \/>\nDas hei\u00dft, ihr begr\u00fc\u00dft mich also hier, oder wie?<br \/>\n(Come on, have some fun, wanna take us home?)<br \/>\nIch verstehe, dass ihr heute nicht nach Hause gehen werdet<br \/>\n(Yeah, that&#8217;s right)<br \/>\nSie ist hei\u00df<br \/>\nIch verstehe, sie ist hei\u00df<br \/>\n(So hot)<\/p>\n<p>We&#8217;re talking about girls, right?<br \/>\nFrom New York City<br \/>\nNew York City girls<br \/>\nNew York City girls<br \/>\nAlright<br \/>\nWe&#8217;re talking about girls, right?<br \/>\nFrom New York City<br \/>\nNew York City girls<br \/>\nNew York City girls<\/p>\n<p>Aha, aha<br \/>\n(Aha, aha)<br \/>\nAha, aha<br \/>\n(Aha, aha)<br \/>\nKomm, komm, komm, alright<br \/>\nCome on!<br \/>\nAha, aha<br \/>\n(Aha, aha)<br \/>\nAha, aha<br \/>\n(Aha, aha)<br \/>\nCha<\/p>\n<p>The girls are in love with each other<br \/>\n(Yeah, the girls are in love with each other<br \/>\nWhat&#8217;s it to you?)<br \/>\nDeine High Heels<br \/>\n(Ah, ah, ah)<br \/>\nThe girls are in love with each other<br \/>\n(Yeah, the girls are in love with each other<br \/>\nDon&#8217;t worry, pal<br \/>\nCause we like you too)<\/p>\n<p>We&#8217;re talking about girls, right?<br \/>\nFrom New York City<br \/>\nNew York City girls<br \/>\nNew York City girls<br \/>\nAlright<br \/>\nWe&#8217;re talking about girls, right?<br \/>\nFrom New York City<br \/>\nNew York City girls<br \/>\nNew York City girls<br \/>\nCha!<\/p>\n<p>(Doo Doo Doo)<br \/>\nAha, aha<br \/>\n(Aha, aha)<br \/>\nAha, aha<br \/>\nKomm, komm, komm, alright<br \/>\nCome on!<br \/>\n(Doo Doo Doo)<br \/>\nAha, aha<br \/>\n(Aha, aha)<br \/>\nAha, aha<br \/>\nCha!<\/p>\n<p>Ich verstehe, sie ist hei\u00df<br \/>\nSie ist hei\u00df<br \/>\nIch will euch<br \/>\nNew York City<br \/>\nNew York City<\/p>\n<p>Ich verstehe, sie ist hei\u00df<br \/>\nIch verstehe, sie ist hei\u00df<br \/>\nIch will euch<br \/>\nNew York City<br \/>\nNew York City<\/p>\n<p>We&#8217;re talking about girls, right?<br \/>\nFrom New York City<br \/>\nNew York City girls<br \/>\nNew York City girls<br \/>\nAlright<br \/>\nWe&#8217;re talking about girls, right?<br \/>\nFrom New York City<br \/>\nNew York City girls<br \/>\nNew York City girls<\/p>\n<p>(Doo Doo Doo)<br \/>\nAha, aha<br \/>\n(Aha, aha)<br \/>\nAha, aha<br \/>\nKomm, komm, komm, alright<br \/>\nCome on!<br \/>\n(Doo Doo Doo)<br \/>\nAha, aha<br \/>\n(Aha, aha)<br \/>\nAha, aha<br \/>\nCha!<\/p>\n<p>From New York City<br \/>\nNew York City girls<br \/>\nNew York City girls<br \/>\nKomm, komm, komm, alright<br \/>\nCome on!<\/p>\n<p>From New York City<br \/>\nNew York City girls<br \/>\nNew York City girls<\/p>\n<p><em>Note: The samples with Falco&#8217;s voice come from various songs from the concert in the Eissporthalle, Berlin, 1986. Excerpts from this performance can be found on the album <a href=\"https:\/\/falco-compendium.at\/musik\/live-forever\/\">Live Forever<\/a>, which was released in 1999 (in excerpts) and 2023 (in its entirety).<br \/>\n<\/em><\/p>\n<p><em>My text version is based on the text supplements of the official releases (booklet, inlay, cover etc.), if available. However, all lyrics were tapped and corrected according to the sung word. For songs where no lyric supplements are available, my version is based solely on the sung word or also on lyrics circulating on the Internet. Text passages sung in dialect are in moderate transliteration. Spelling errors, both German and English, were corrected in glaring cases. The spelling is based partly on the spelling valid at the time (text supplements), partly on the new spelling (own interceptions). Punctuation marks have generally been omitted. I am grateful for any <a href=\"https:\/\/falco-compendium.at\/en\/contact\/\">suggestions for improvement.<\/a><\/em><\/p>\n<\/div><\/div><\/div><\/div><\/div><\/div><\/p>\n","protected":false},"excerpt":{"rendered":"","protected":false},"author":1,"featured_media":0,"parent":17307,"menu_order":0,"comment_status":"closed","ping_status":"closed","template":"","meta":{"footnotes":""},"class_list":["post-17405","page","type-page","status-publish","hentry"],"yoast_head":"<!-- This site is optimized with the Yoast SEO plugin v27.4 - https:\/\/yoast.com\/product\/yoast-seo-wordpress\/ -->\n<title>New York City Girls - Falco-Compendium<\/title>\n<meta name=\"robots\" content=\"index, follow, max-snippet:-1, max-image-preview:large, max-video-preview:-1\" \/>\n<link rel=\"canonical\" href=\"https:\/\/falco-compendium.at\/en\/music\/sampling-songs\/new-york-city-girls\/\" \/>\n<meta property=\"og:locale\" content=\"en_US\" \/>\n<meta property=\"og:type\" content=\"article\" \/>\n<meta property=\"og:title\" content=\"New York City Girls - Falco-Compendium\" \/>\n<meta property=\"og:url\" content=\"https:\/\/falco-compendium.at\/en\/music\/sampling-songs\/new-york-city-girls\/\" \/>\n<meta property=\"og:site_name\" content=\"Falco-Compendium\" \/>\n<meta property=\"article:modified_time\" content=\"2023-10-05T10:49:17+00:00\" \/>\n<meta property=\"og:image\" content=\"https:\/\/falco-compendium.at\/wp-content\/uploads\/2019\/03\/yt-song.png\" \/>\n<meta name=\"twitter:card\" content=\"summary_large_image\" \/>\n<meta name=\"twitter:label1\" content=\"Est. reading time\" \/>\n\t<meta name=\"twitter:data1\" content=\"10 minutes\" \/>\n<script type=\"application\/ld+json\" class=\"yoast-schema-graph\">{\"@context\":\"https:\\\/\\\/schema.org\",\"@graph\":[{\"@type\":\"WebPage\",\"@id\":\"https:\\\/\\\/falco-compendium.at\\\/en\\\/music\\\/sampling-songs\\\/new-york-city-girls\\\/\",\"url\":\"https:\\\/\\\/falco-compendium.at\\\/en\\\/music\\\/sampling-songs\\\/new-york-city-girls\\\/\",\"name\":\"New York City Girls - Falco-Compendium\",\"isPartOf\":{\"@id\":\"https:\\\/\\\/falco-compendium.at\\\/en\\\/#website\"},\"primaryImageOfPage\":{\"@id\":\"https:\\\/\\\/falco-compendium.at\\\/en\\\/music\\\/sampling-songs\\\/new-york-city-girls\\\/#primaryimage\"},\"image\":{\"@id\":\"https:\\\/\\\/falco-compendium.at\\\/en\\\/music\\\/sampling-songs\\\/new-york-city-girls\\\/#primaryimage\"},\"thumbnailUrl\":\"https:\\\/\\\/falco-compendium.at\\\/wp-content\\\/uploads\\\/2019\\\/03\\\/yt-song.png\",\"datePublished\":\"2021-02-01T10:29:09+00:00\",\"dateModified\":\"2023-10-05T10:49:17+00:00\",\"breadcrumb\":{\"@id\":\"https:\\\/\\\/falco-compendium.at\\\/en\\\/music\\\/sampling-songs\\\/new-york-city-girls\\\/#breadcrumb\"},\"inLanguage\":\"en-US\",\"potentialAction\":[{\"@type\":\"ReadAction\",\"target\":[\"https:\\\/\\\/falco-compendium.at\\\/en\\\/music\\\/sampling-songs\\\/new-york-city-girls\\\/\"]}]},{\"@type\":\"ImageObject\",\"inLanguage\":\"en-US\",\"@id\":\"https:\\\/\\\/falco-compendium.at\\\/en\\\/music\\\/sampling-songs\\\/new-york-city-girls\\\/#primaryimage\",\"url\":\"https:\\\/\\\/falco-compendium.at\\\/wp-content\\\/uploads\\\/2019\\\/03\\\/yt-song.png\",\"contentUrl\":\"https:\\\/\\\/falco-compendium.at\\\/wp-content\\\/uploads\\\/2019\\\/03\\\/yt-song.png\"},{\"@type\":\"BreadcrumbList\",\"@id\":\"https:\\\/\\\/falco-compendium.at\\\/en\\\/music\\\/sampling-songs\\\/new-york-city-girls\\\/#breadcrumb\",\"itemListElement\":[{\"@type\":\"ListItem\",\"position\":1,\"name\":\"Startseite\",\"item\":\"https:\\\/\\\/falco-compendium.at\\\/en\\\/\"},{\"@type\":\"ListItem\",\"position\":2,\"name\":\"MUSIC\",\"item\":\"https:\\\/\\\/falco-compendium.at\\\/en\\\/\"},{\"@type\":\"ListItem\",\"position\":3,\"name\":\"Sampling songs\",\"item\":\"https:\\\/\\\/falco-compendium.at\\\/en\\\/music\\\/sampling-songs\\\/\"},{\"@type\":\"ListItem\",\"position\":4,\"name\":\"New York City Girls\"}]},{\"@type\":\"WebSite\",\"@id\":\"https:\\\/\\\/falco-compendium.at\\\/en\\\/#website\",\"url\":\"https:\\\/\\\/falco-compendium.at\\\/en\\\/\",\"name\":\"Falco-Compendium\",\"description\":\"\",\"potentialAction\":[{\"@type\":\"SearchAction\",\"target\":{\"@type\":\"EntryPoint\",\"urlTemplate\":\"https:\\\/\\\/falco-compendium.at\\\/en\\\/?s={search_term_string}\"},\"query-input\":{\"@type\":\"PropertyValueSpecification\",\"valueRequired\":true,\"valueName\":\"search_term_string\"}}],\"inLanguage\":\"en-US\"}]}<\/script>\n<!-- \/ Yoast SEO plugin. -->","yoast_head_json":{"title":"New York City Girls - Falco-Compendium","robots":{"index":"index","follow":"follow","max-snippet":"max-snippet:-1","max-image-preview":"max-image-preview:large","max-video-preview":"max-video-preview:-1"},"canonical":"https:\/\/falco-compendium.at\/en\/music\/sampling-songs\/new-york-city-girls\/","og_locale":"en_US","og_type":"article","og_title":"New York City Girls - Falco-Compendium","og_url":"https:\/\/falco-compendium.at\/en\/music\/sampling-songs\/new-york-city-girls\/","og_site_name":"Falco-Compendium","article_modified_time":"2023-10-05T10:49:17+00:00","og_image":[{"url":"https:\/\/falco-compendium.at\/wp-content\/uploads\/2019\/03\/yt-song.png","type":"","width":"","height":""}],"twitter_card":"summary_large_image","twitter_misc":{"Est. reading time":"10 minutes"},"schema":{"@context":"https:\/\/schema.org","@graph":[{"@type":"WebPage","@id":"https:\/\/falco-compendium.at\/en\/music\/sampling-songs\/new-york-city-girls\/","url":"https:\/\/falco-compendium.at\/en\/music\/sampling-songs\/new-york-city-girls\/","name":"New York City Girls - Falco-Compendium","isPartOf":{"@id":"https:\/\/falco-compendium.at\/en\/#website"},"primaryImageOfPage":{"@id":"https:\/\/falco-compendium.at\/en\/music\/sampling-songs\/new-york-city-girls\/#primaryimage"},"image":{"@id":"https:\/\/falco-compendium.at\/en\/music\/sampling-songs\/new-york-city-girls\/#primaryimage"},"thumbnailUrl":"https:\/\/falco-compendium.at\/wp-content\/uploads\/2019\/03\/yt-song.png","datePublished":"2021-02-01T10:29:09+00:00","dateModified":"2023-10-05T10:49:17+00:00","breadcrumb":{"@id":"https:\/\/falco-compendium.at\/en\/music\/sampling-songs\/new-york-city-girls\/#breadcrumb"},"inLanguage":"en-US","potentialAction":[{"@type":"ReadAction","target":["https:\/\/falco-compendium.at\/en\/music\/sampling-songs\/new-york-city-girls\/"]}]},{"@type":"ImageObject","inLanguage":"en-US","@id":"https:\/\/falco-compendium.at\/en\/music\/sampling-songs\/new-york-city-girls\/#primaryimage","url":"https:\/\/falco-compendium.at\/wp-content\/uploads\/2019\/03\/yt-song.png","contentUrl":"https:\/\/falco-compendium.at\/wp-content\/uploads\/2019\/03\/yt-song.png"},{"@type":"BreadcrumbList","@id":"https:\/\/falco-compendium.at\/en\/music\/sampling-songs\/new-york-city-girls\/#breadcrumb","itemListElement":[{"@type":"ListItem","position":1,"name":"Startseite","item":"https:\/\/falco-compendium.at\/en\/"},{"@type":"ListItem","position":2,"name":"MUSIC","item":"https:\/\/falco-compendium.at\/en\/"},{"@type":"ListItem","position":3,"name":"Sampling songs","item":"https:\/\/falco-compendium.at\/en\/music\/sampling-songs\/"},{"@type":"ListItem","position":4,"name":"New York City Girls"}]},{"@type":"WebSite","@id":"https:\/\/falco-compendium.at\/en\/#website","url":"https:\/\/falco-compendium.at\/en\/","name":"Falco-Compendium","description":"","potentialAction":[{"@type":"SearchAction","target":{"@type":"EntryPoint","urlTemplate":"https:\/\/falco-compendium.at\/en\/?s={search_term_string}"},"query-input":{"@type":"PropertyValueSpecification","valueRequired":true,"valueName":"search_term_string"}}],"inLanguage":"en-US"}]}},"_links":{"self":[{"href":"https:\/\/falco-compendium.at\/en\/wp-json\/wp\/v2\/pages\/17405","targetHints":{"allow":["GET"]}}],"collection":[{"href":"https:\/\/falco-compendium.at\/en\/wp-json\/wp\/v2\/pages"}],"about":[{"href":"https:\/\/falco-compendium.at\/en\/wp-json\/wp\/v2\/types\/page"}],"author":[{"embeddable":true,"href":"https:\/\/falco-compendium.at\/en\/wp-json\/wp\/v2\/users\/1"}],"replies":[{"embeddable":true,"href":"https:\/\/falco-compendium.at\/en\/wp-json\/wp\/v2\/comments?post=17405"}],"version-history":[{"count":0,"href":"https:\/\/falco-compendium.at\/en\/wp-json\/wp\/v2\/pages\/17405\/revisions"}],"up":[{"embeddable":true,"href":"https:\/\/falco-compendium.at\/en\/wp-json\/wp\/v2\/pages\/17307"}],"wp:attachment":[{"href":"https:\/\/falco-compendium.at\/en\/wp-json\/wp\/v2\/media?parent=17405"}],"curies":[{"name":"wp","href":"https:\/\/api.w.org\/{rel}","templated":true}]}}